{"id":611,"date":"2024-02-06T16:13:50","date_gmt":"2024-02-06T13:13:50","guid":{"rendered":"https:\/\/pressmart.presslayouts.com\/dummy\/?page_id=611"},"modified":"2024-07-26T14:40:55","modified_gmt":"2024-07-26T11:40:55","slug":"contacts","status":"publish","type":"page","link":"https:\/\/velopark.lv\/en\/contacts\/","title":{"rendered":"Contacts"},"content":{"rendered":"\t\t<div data-elementor-type=\"wp-page\" data-elementor-id=\"611\" class=\"elementor elementor-611 elementor-19765\">\n\t\t\t\t\t\t<section class=\"elementor-section elementor-top-section elementor-element elementor-element-a6be038 elementor-section-boxed elementor-section-height-default elementor-section-height-default\" data-id=\"a6be038\" data-element_type=\"section\" data-e-type=\"section\">\n\t\t\t\t\t\t<div class=\"elementor-container elementor-column-gap-default\">\n\t\t\t\t\t<div class=\"elementor-column elementor-col-50 elementor-top-column elementor-element elementor-element-9de0d62\" data-id=\"9de0d62\" data-element_type=\"column\" data-e-type=\"column\">\n\t\t\t<div class=\"elementor-widget-wrap elementor-element-populated\">\n\t\t\t\t\t\t<div class=\"elementor-element elementor-element-8f3d5c1 elementor-widget elementor-widget-pressmart-heading\" data-id=\"8f3d5c1\" data-element_type=\"widget\" data-e-type=\"widget\" data-widget_type=\"pressmart-heading.default\">\n\t\t\t\t<div class=\"elementor-widget-container\">\n\t\t\t\t\t<div id=\"pressmart-header-92440\" class=\"pressmart-element pressmart-heading text-left separator-none separator-between-heading\">\t\n\t\t\t\n\t\t\t<div class=\"heading-wrap\">\n\t\t\t<span class=\"separator-left\"><\/span>\n\t\t\t<h2 class=\"heading-title\">Where we are<\/h2>\t\t\t<span class=\"separator-right\"><\/span>\n\t\t\t\t\t<\/div>\n\t\t\n    \t\t<div class=\"heading-tagline\"> VELOPARK is located in the part of the city of Jurmala - Bulduri, 20 km from Riga and less than 5 km from the central street Jomas, on the territory of the Bulduri School of Gardening. This place gives immediately the feeling of close nature and seaside air, surrounded by a park and pine trees. <\/div>\n\t<\/div>\t\t\t\t<\/div>\n\t\t\t\t<\/div>\n\t\t\t\t<div class=\"elementor-element elementor-element-2b00c61 elementor-widget elementor-widget-pressmart-infobox\" data-id=\"2b00c61\" data-element_type=\"widget\" data-e-type=\"widget\" data-widget_type=\"pressmart-infobox.default\">\n\t\t\t\t<div class=\"elementor-widget-container\">\n\t\t\t\t\t<div id=\"pressmart-info-box-8894\" class=\"pressmart-element pressmart-info-box icon-effect-none icon-custom icon-left color-scheme-inherit hover-color-scheme-inherit\">\n\t<div class=\"info-box-wrap\"  >\n\t\t<div class=\"box-icon-wrap\">\n\t\t\t\t\t\t\t<div class=\"info-box-icon\"><i aria-hidden=\"true\" class=\"picon picon-location-pin\"><\/i><\/div>\n\t\t\t\t\t<\/div>\n\t\t<div class=\"info-box-content\">\n\t\t\t\t\t\t\t\t\t\t<div class=\"info-box-title mb\" >\t\t\t\t\n\t\t\t\t\t<h5>Shop Address<\/h5>\t\t\t\t\t\n\t\t\t\t<\/div>\n\t\t\t\t\t\t\t\t\t\t<div class=\"info-box-description mb\">\n\t\t\t\t\t<p>Viestura street 6, Jurmala, LV-2010<\/p>\n\t\t\t\t<\/div>\n\t\t\t\t\t<\/div>\n\t<\/div>\n<\/div>\t\t\t\t<\/div>\n\t\t\t\t<\/div>\n\t\t\t\t<div class=\"elementor-element elementor-element-0162948 elementor-widget elementor-widget-pressmart-infobox\" data-id=\"0162948\" data-element_type=\"widget\" data-e-type=\"widget\" data-widget_type=\"pressmart-infobox.default\">\n\t\t\t\t<div class=\"elementor-widget-container\">\n\t\t\t\t\t<div id=\"pressmart-info-box-6212\" class=\"pressmart-element pressmart-info-box icon-effect-none icon-custom icon-left color-scheme-inherit hover-color-scheme-inherit\">\n\t<div class=\"info-box-wrap\"  >\n\t\t<div class=\"box-icon-wrap\">\n\t\t\t\t\t\t\t<div class=\"info-box-icon\"><i aria-hidden=\"true\" class=\"picon picon-phone\"><\/i><\/div>\n\t\t\t\t\t<\/div>\n\t\t<div class=\"info-box-content\">\n\t\t\t\t\t\t\t\t\t\t<div class=\"info-box-title mb\"  onclick=\"window.open('+37128813335','_self')\">\t\t\t\t\n\t\t\t\t\t<h5>Phone Number<\/h5>\t\t\t\t\t\n\t\t\t\t<\/div>\n\t\t\t\t\t\t\t\t\t\t<div class=\"info-box-description mb\">\n\t\t\t\t\t<p>+371 28813335<\/p>\n\t\t\t\t<\/div>\n\t\t\t\t\t<\/div>\n\t<\/div>\n<\/div>\t\t\t\t<\/div>\n\t\t\t\t<\/div>\n\t\t\t\t<div class=\"elementor-element elementor-element-d49047a elementor-widget elementor-widget-pressmart-infobox\" data-id=\"d49047a\" data-element_type=\"widget\" data-e-type=\"widget\" data-widget_type=\"pressmart-infobox.default\">\n\t\t\t\t<div class=\"elementor-widget-container\">\n\t\t\t\t\t<div id=\"pressmart-info-box-26243\" class=\"pressmart-element pressmart-info-box icon-effect-none icon-custom icon-left color-scheme-inherit hover-color-scheme-inherit pls-full-info-link\">\n\t<div class=\"info-box-wrap\"  onclick=\"window.open('info@velopark.lv','_self')\" >\n\t\t<div class=\"box-icon-wrap\">\n\t\t\t\t\t\t\t<div class=\"info-box-icon\"><i aria-hidden=\"true\" class=\"picon picon-envelope\"><\/i><\/div>\n\t\t\t\t\t<\/div>\n\t\t<div class=\"info-box-content\">\n\t\t\t\t\t\t\t\t\t\t<div class=\"info-box-title mb\" >\t\t\t\t\n\t\t\t\t\t<h5>Email Us<\/h5>\t\t\t\t\t\n\t\t\t\t<\/div>\n\t\t\t\t\t\t\t\t\t\t<div class=\"info-box-description mb\">\n\t\t\t\t\t<p>info@velopark.lv<\/p>\n\t\t\t\t<\/div>\n\t\t\t\t\t<\/div>\n\t<\/div>\n<\/div>\t\t\t\t<\/div>\n\t\t\t\t<\/div>\n\t\t\t\t<div class=\"elementor-element elementor-element-187db46 elementor-widget elementor-widget-pressmart-infobox\" data-id=\"187db46\" data-element_type=\"widget\" data-e-type=\"widget\" data-widget_type=\"pressmart-infobox.default\">\n\t\t\t\t<div class=\"elementor-widget-container\">\n\t\t\t\t\t<div id=\"pressmart-info-box-15905\" class=\"pressmart-element pressmart-info-box icon-effect-none icon-custom icon-left color-scheme-inherit hover-color-scheme-inherit\">\n\t<div class=\"info-box-wrap\"  >\n\t\t<div class=\"box-icon-wrap\">\n\t\t\t\t\t\t\t<div class=\"info-box-icon\"><i aria-hidden=\"true\" class=\"picon picon-clock\"><\/i><\/div>\n\t\t\t\t\t<\/div>\n\t\t<div class=\"info-box-content\">\n\t\t\t\t\t\t\t\t\t\t<div class=\"info-box-title mb\" >\t\t\t\t\n\t\t\t\t\t<h5>Working Time<\/h5>\t\t\t\t\t\n\t\t\t\t<\/div>\n\t\t\t\t\t\t\t\t\t\t<div class=\"info-box-description mb\">\n\t\t\t\t\t<p>Opening hours: 10:30 - 19:00 (Tuesday - Sunday)<\/p>\n\t\t\t\t<\/div>\n\t\t\t\t\t<\/div>\n\t<\/div>\n<\/div>\t\t\t\t<\/div>\n\t\t\t\t<\/div>\n\t\t\t\t\t<\/div>\n\t\t<\/div>\n\t\t\t\t<div class=\"elementor-column elementor-col-50 elementor-top-column elementor-element elementor-element-3d1a383\" data-id=\"3d1a383\" data-element_type=\"column\" data-e-type=\"column\">\n\t\t\t<div class=\"elementor-widget-wrap elementor-element-populated\">\n\t\t\t\t\t\t<div class=\"elementor-element elementor-element-14d77c8 elementor-widget elementor-widget-pressmart-heading\" data-id=\"14d77c8\" data-element_type=\"widget\" data-e-type=\"widget\" data-widget_type=\"pressmart-heading.default\">\n\t\t\t\t<div class=\"elementor-widget-container\">\n\t\t\t\t\t<div id=\"pressmart-header-31590\" class=\"pressmart-element pressmart-heading text-left separator-none separator-between-heading\">\t\n\t\t\t\n\t\t\t<div class=\"heading-wrap\">\n\t\t\t<span class=\"separator-left\"><\/span>\n\t\t\t<h2 class=\"heading-title\">Get In Touch<\/h2>\t\t\t<span class=\"separator-right\"><\/span>\n\t\t\t\t\t<\/div>\n\t\t\n    <\/div>\t\t\t\t<\/div>\n\t\t\t\t<\/div>\n\t\t\t\t<div class=\"elementor-element elementor-element-b4c0272 elementor-widget elementor-widget-pressmart_contactus\" data-id=\"b4c0272\" data-element_type=\"widget\" data-e-type=\"widget\" data-widget_type=\"pressmart_contactus.default\">\n\t\t\t\t<div class=\"elementor-widget-container\">\n\t\t\t\t\t<div class=\"pressmart-element pressmart-contact-us shape-square\">\n\t\n<div class=\"wpcf7 no-js\" id=\"wpcf7-f608-o1\" lang=\"en-US\" dir=\"ltr\" data-wpcf7-id=\"608\">\n<div class=\"screen-reader-response\"><p role=\"status\" aria-live=\"polite\" aria-atomic=\"true\"><\/p> <ul><\/ul><\/div>\n<form action=\"\/en\/wp-json\/wp\/v2\/pages\/611#wpcf7-f608-o1\" method=\"post\" class=\"wpcf7-form init\" aria-label=\"Contact form\" novalidate=\"novalidate\" data-status=\"init\">\n<fieldset class=\"hidden-fields-container\"><input type=\"hidden\" name=\"_wpcf7\" value=\"608\" \/><input type=\"hidden\" name=\"_wpcf7_version\" value=\"6.1.5\" \/><input type=\"hidden\" name=\"_wpcf7_locale\" value=\"en_US\" \/><input type=\"hidden\" name=\"_wpcf7_unit_tag\" value=\"wpcf7-f608-o1\" \/><input type=\"hidden\" name=\"_wpcf7_container_post\" value=\"0\" \/><input type=\"hidden\" name=\"_wpcf7_posted_data_hash\" value=\"\" \/><input type=\"hidden\" name=\"_wpcf7_recaptcha_response\" value=\"\" \/>\n<\/fieldset>\n<p><span class=\"wpcf7-form-control-wrap\" data-name=\"your-name\"><input size=\"40\" maxlength=\"400\" class=\"wpcf7-form-control wpcf7-text wpcf7-validates-as-required\" aria-required=\"true\" aria-invalid=\"false\" placeholder=\"Name*\" value=\"\" type=\"text\" name=\"your-name\" \/><\/span>\n<\/p>\n<p><span class=\"wpcf7-form-control-wrap\" data-name=\"your-email\"><input size=\"40\" maxlength=\"400\" class=\"wpcf7-form-control wpcf7-email wpcf7-validates-as-required wpcf7-text wpcf7-validates-as-email\" aria-required=\"true\" aria-invalid=\"false\" placeholder=\"E-mail*\" value=\"\" type=\"email\" name=\"your-email\" \/><\/span>\n<\/p>\n<p><span class=\"wpcf7-form-control-wrap\" data-name=\"your-message\"><textarea cols=\"40\" rows=\"10\" maxlength=\"2000\" class=\"wpcf7-form-control wpcf7-textarea\" aria-invalid=\"false\" placeholder=\"Your question\" name=\"your-message\"><\/textarea><\/span>\n<\/p>\n<p><input class=\"wpcf7-form-control wpcf7-submit has-spinner\" type=\"submit\" value=\"S\u016bt\u012bt zi\u0146u\" \/>\n<\/p><div class=\"wpcf7-response-output\" aria-hidden=\"true\"><\/div>\n<\/form>\n<\/div>\n<\/div>\t\t\t\t<\/div>\n\t\t\t\t<\/div>\n\t\t\t\t\t<\/div>\n\t\t<\/div>\n\t\t\t\t\t<\/div>\n\t\t<\/section>\n\t\t\t\t<section class=\"elementor-section elementor-top-section elementor-element elementor-element-4b63e97 elementor-section-boxed elementor-section-height-default elementor-section-height-default\" data-id=\"4b63e97\" data-element_type=\"section\" data-e-type=\"section\">\n\t\t\t\t\t\t<div class=\"elementor-container elementor-column-gap-default\">\n\t\t\t\t\t<div class=\"elementor-column elementor-col-100 elementor-top-column elementor-element elementor-element-9f8c490\" data-id=\"9f8c490\" data-element_type=\"column\" data-e-type=\"column\">\n\t\t\t<div class=\"elementor-widget-wrap elementor-element-populated\">\n\t\t\t\t\t\t<div class=\"elementor-element elementor-element-ae769cf elementor-widget elementor-widget-google_maps\" data-id=\"ae769cf\" data-element_type=\"widget\" data-e-type=\"widget\" data-widget_type=\"google_maps.default\">\n\t\t\t\t<div class=\"elementor-widget-container\">\n\t\t\t\t\t\t\t<div class=\"elementor-custom-embed\">\n\t\t\t<iframe loading=\"lazy\"\n\t\t\t\t\tsrc=\"https:\/\/maps.google.com\/maps?q=Velodarbn%C4%ABca%20VeloPark%20-%20Velo%20noma%2C%20Veloserviss%20J%C5%ABrmala&#038;t=m&#038;z=11&#038;output=embed&#038;iwloc=near\"\n\t\t\t\t\ttitle=\"Velodarbn\u012bca VeloPark - Velo noma, Veloserviss J\u016brmala\"\n\t\t\t\t\taria-label=\"Velodarbn\u012bca VeloPark - Velo noma, Veloserviss J\u016brmala\"\n\t\t\t><\/iframe>\n\t\t<\/div>\n\t\t\t\t\t\t<\/div>\n\t\t\t\t<\/div>\n\t\t\t\t\t<\/div>\n\t\t<\/div>\n\t\t\t\t\t<\/div>\n\t\t<\/section>\n\t\t\t\t<\/div>\n\t\t","protected":false},"excerpt":{"rendered":"<p>Where we are VELOPARK is located in the part of the city of Jurmala &#8211; Bulduri, 20 km from Riga and less than 5 km from the central street Jomas,<\/p>\n","protected":false},"author":1,"featured_media":11557,"parent":0,"menu_order":0,"comment_status":"closed","ping_status":"closed","template":"","meta":{"footnotes":""},"class_list":["post-611","page","type-page","status-publish","has-post-thumbnail","hentry"],"yoast_head":"<!-- This site is optimized with the Yoast SEO plugin v27.4 - https:\/\/yoast.com\/product\/yoast-seo-wordpress\/ -->\n<title>Contact Us for Exceptional Support and Assistance - Velopark<\/title>\n<meta name=\"description\" content=\"Have questions or need assistance? Reach out to us today. Contact our team for prompt and helpful support. We&#039;re here to assist you. Get in touch now.\" \/>\n<meta name=\"robots\" content=\"index, follow, max-snippet:-1, max-image-preview:large, max-video-preview:-1\" \/>\n<link rel=\"canonical\" href=\"https:\/\/velopark.lv\/en\/contacts\/\" \/>\n<meta property=\"og:locale\" content=\"en_US\" \/>\n<meta property=\"og:type\" content=\"article\" \/>\n<meta property=\"og:title\" content=\"Contact Us for Exceptional Support and Assistance - Velopark\" \/>\n<meta property=\"og:description\" content=\"Have questions or need assistance? Reach out to us today. Contact our team for prompt and helpful support. We&#039;re here to assist you. Get in touch now.\" \/>\n<meta property=\"og:url\" content=\"https:\/\/velopark.lv\/en\/contacts\/\" \/>\n<meta property=\"og:site_name\" content=\"Velopark\" \/>\n<meta property=\"article:publisher\" content=\"https:\/\/www.facebook.com\/velopark.lv\" \/>\n<meta property=\"article:modified_time\" content=\"2024-07-26T11:40:55+00:00\" \/>\n<meta property=\"og:image\" content=\"https:\/\/velopark.lv\/wp-content\/uploads\/2023\/09\/VeloParks_logo_white_WEB.jpg\" \/>\n\t<meta property=\"og:image:width\" content=\"1696\" \/>\n\t<meta property=\"og:image:height\" content=\"1696\" \/>\n\t<meta property=\"og:image:type\" content=\"image\/jpeg\" \/>\n<meta name=\"twitter:card\" content=\"summary_large_image\" \/>\n<meta name=\"twitter:label1\" content=\"Est. reading time\" \/>\n\t<meta name=\"twitter:data1\" content=\"1 minute\" \/>\n<script type=\"application\/ld+json\" class=\"yoast-schema-graph\">{\"@context\":\"https:\\\/\\\/schema.org\",\"@graph\":[{\"@type\":\"WebPage\",\"@id\":\"https:\\\/\\\/velopark.lv\\\/en\\\/contacts\\\/\",\"url\":\"https:\\\/\\\/velopark.lv\\\/en\\\/contacts\\\/\",\"name\":\"Contact Us for Exceptional Support and Assistance - Velopark\",\"isPartOf\":{\"@id\":\"https:\\\/\\\/velopark.lv\\\/en\\\/#website\"},\"primaryImageOfPage\":{\"@id\":\"https:\\\/\\\/velopark.lv\\\/en\\\/contacts\\\/#primaryimage\"},\"image\":{\"@id\":\"https:\\\/\\\/velopark.lv\\\/en\\\/contacts\\\/#primaryimage\"},\"thumbnailUrl\":\"https:\\\/\\\/velopark.lv\\\/wp-content\\\/uploads\\\/2023\\\/09\\\/VeloParks_logo_white_WEB.jpg\",\"datePublished\":\"2024-02-06T13:13:50+00:00\",\"dateModified\":\"2024-07-26T11:40:55+00:00\",\"description\":\"Have questions or need assistance? Reach out to us today. Contact our team for prompt and helpful support. We're here to assist you. Get in touch now.\",\"breadcrumb\":{\"@id\":\"https:\\\/\\\/velopark.lv\\\/en\\\/contacts\\\/#breadcrumb\"},\"inLanguage\":\"en-US\",\"potentialAction\":[{\"@type\":\"ReadAction\",\"target\":[\"https:\\\/\\\/velopark.lv\\\/en\\\/contacts\\\/\"]}]},{\"@type\":\"ImageObject\",\"inLanguage\":\"en-US\",\"@id\":\"https:\\\/\\\/velopark.lv\\\/en\\\/contacts\\\/#primaryimage\",\"url\":\"https:\\\/\\\/velopark.lv\\\/wp-content\\\/uploads\\\/2023\\\/09\\\/VeloParks_logo_white_WEB.jpg\",\"contentUrl\":\"https:\\\/\\\/velopark.lv\\\/wp-content\\\/uploads\\\/2023\\\/09\\\/VeloParks_logo_white_WEB.jpg\",\"width\":1696,\"height\":1696,\"caption\":\"VeloParks_logo_white_WEB\"},{\"@type\":\"BreadcrumbList\",\"@id\":\"https:\\\/\\\/velopark.lv\\\/en\\\/contacts\\\/#breadcrumb\",\"itemListElement\":[{\"@type\":\"ListItem\",\"position\":1,\"name\":\"Home\",\"item\":\"https:\\\/\\\/velopark.lv\\\/en\\\/\"},{\"@type\":\"ListItem\",\"position\":2,\"name\":\"Contacts\"}]},{\"@type\":\"WebSite\",\"@id\":\"https:\\\/\\\/velopark.lv\\\/en\\\/#website\",\"url\":\"https:\\\/\\\/velopark.lv\\\/en\\\/\",\"name\":\"Velopark\",\"description\":\"\",\"publisher\":{\"@id\":\"https:\\\/\\\/velopark.lv\\\/en\\\/#organization\"},\"alternateName\":\"Velopark\",\"potentialAction\":[{\"@type\":\"SearchAction\",\"target\":{\"@type\":\"EntryPoint\",\"urlTemplate\":\"https:\\\/\\\/velopark.lv\\\/en\\\/?s={search_term_string}\"},\"query-input\":{\"@type\":\"PropertyValueSpecification\",\"valueRequired\":true,\"valueName\":\"search_term_string\"}}],\"inLanguage\":\"en-US\"},{\"@type\":\"Organization\",\"@id\":\"https:\\\/\\\/velopark.lv\\\/en\\\/#organization\",\"name\":\"Velopark\",\"url\":\"https:\\\/\\\/velopark.lv\\\/en\\\/\",\"logo\":{\"@type\":\"ImageObject\",\"inLanguage\":\"en-US\",\"@id\":\"https:\\\/\\\/velopark.lv\\\/en\\\/#\\\/schema\\\/logo\\\/image\\\/\",\"url\":\"https:\\\/\\\/velopark.lv\\\/wp-content\\\/uploads\\\/2023\\\/09\\\/vp_logo.png\",\"contentUrl\":\"https:\\\/\\\/velopark.lv\\\/wp-content\\\/uploads\\\/2023\\\/09\\\/vp_logo.png\",\"width\":272,\"height\":180,\"caption\":\"Velopark\"},\"image\":{\"@id\":\"https:\\\/\\\/velopark.lv\\\/en\\\/#\\\/schema\\\/logo\\\/image\\\/\"},\"sameAs\":[\"https:\\\/\\\/www.facebook.com\\\/velopark.lv\",\"https:\\\/\\\/www.instagram.com\\\/velopark.lv\\\/\"]}]}<\/script>\n<!-- \/ Yoast SEO plugin. -->","yoast_head_json":{"title":"Contact Us for Exceptional Support and Assistance - Velopark","description":"Have questions or need assistance? Reach out to us today. Contact our team for prompt and helpful support. We're here to assist you. Get in touch now.","robots":{"index":"index","follow":"follow","max-snippet":"max-snippet:-1","max-image-preview":"max-image-preview:large","max-video-preview":"max-video-preview:-1"},"canonical":"https:\/\/velopark.lv\/en\/contacts\/","og_locale":"en_US","og_type":"article","og_title":"Contact Us for Exceptional Support and Assistance - Velopark","og_description":"Have questions or need assistance? Reach out to us today. Contact our team for prompt and helpful support. We're here to assist you. Get in touch now.","og_url":"https:\/\/velopark.lv\/en\/contacts\/","og_site_name":"Velopark","article_publisher":"https:\/\/www.facebook.com\/velopark.lv","article_modified_time":"2024-07-26T11:40:55+00:00","og_image":[{"width":1696,"height":1696,"url":"https:\/\/velopark.lv\/wp-content\/uploads\/2023\/09\/VeloParks_logo_white_WEB.jpg","type":"image\/jpeg"}],"twitter_card":"summary_large_image","twitter_misc":{"Est. reading time":"1 minute"},"schema":{"@context":"https:\/\/schema.org","@graph":[{"@type":"WebPage","@id":"https:\/\/velopark.lv\/en\/contacts\/","url":"https:\/\/velopark.lv\/en\/contacts\/","name":"Contact Us for Exceptional Support and Assistance - Velopark","isPartOf":{"@id":"https:\/\/velopark.lv\/en\/#website"},"primaryImageOfPage":{"@id":"https:\/\/velopark.lv\/en\/contacts\/#primaryimage"},"image":{"@id":"https:\/\/velopark.lv\/en\/contacts\/#primaryimage"},"thumbnailUrl":"https:\/\/velopark.lv\/wp-content\/uploads\/2023\/09\/VeloParks_logo_white_WEB.jpg","datePublished":"2024-02-06T13:13:50+00:00","dateModified":"2024-07-26T11:40:55+00:00","description":"Have questions or need assistance? Reach out to us today. Contact our team for prompt and helpful support. We're here to assist you. Get in touch now.","breadcrumb":{"@id":"https:\/\/velopark.lv\/en\/contacts\/#breadcrumb"},"inLanguage":"en-US","potentialAction":[{"@type":"ReadAction","target":["https:\/\/velopark.lv\/en\/contacts\/"]}]},{"@type":"ImageObject","inLanguage":"en-US","@id":"https:\/\/velopark.lv\/en\/contacts\/#primaryimage","url":"https:\/\/velopark.lv\/wp-content\/uploads\/2023\/09\/VeloParks_logo_white_WEB.jpg","contentUrl":"https:\/\/velopark.lv\/wp-content\/uploads\/2023\/09\/VeloParks_logo_white_WEB.jpg","width":1696,"height":1696,"caption":"VeloParks_logo_white_WEB"},{"@type":"BreadcrumbList","@id":"https:\/\/velopark.lv\/en\/contacts\/#breadcrumb","itemListElement":[{"@type":"ListItem","position":1,"name":"Home","item":"https:\/\/velopark.lv\/en\/"},{"@type":"ListItem","position":2,"name":"Contacts"}]},{"@type":"WebSite","@id":"https:\/\/velopark.lv\/en\/#website","url":"https:\/\/velopark.lv\/en\/","name":"Velopark","description":"","publisher":{"@id":"https:\/\/velopark.lv\/en\/#organization"},"alternateName":"Velopark","potentialAction":[{"@type":"SearchAction","target":{"@type":"EntryPoint","urlTemplate":"https:\/\/velopark.lv\/en\/?s={search_term_string}"},"query-input":{"@type":"PropertyValueSpecification","valueRequired":true,"valueName":"search_term_string"}}],"inLanguage":"en-US"},{"@type":"Organization","@id":"https:\/\/velopark.lv\/en\/#organization","name":"Velopark","url":"https:\/\/velopark.lv\/en\/","logo":{"@type":"ImageObject","inLanguage":"en-US","@id":"https:\/\/velopark.lv\/en\/#\/schema\/logo\/image\/","url":"https:\/\/velopark.lv\/wp-content\/uploads\/2023\/09\/vp_logo.png","contentUrl":"https:\/\/velopark.lv\/wp-content\/uploads\/2023\/09\/vp_logo.png","width":272,"height":180,"caption":"Velopark"},"image":{"@id":"https:\/\/velopark.lv\/en\/#\/schema\/logo\/image\/"},"sameAs":["https:\/\/www.facebook.com\/velopark.lv","https:\/\/www.instagram.com\/velopark.lv\/"]}]}},"jetpack_sharing_enabled":true,"_links":{"self":[{"href":"https:\/\/velopark.lv\/en\/wp-json\/wp\/v2\/pages\/611","targetHints":{"allow":["GET"]}}],"collection":[{"href":"https:\/\/velopark.lv\/en\/wp-json\/wp\/v2\/pages"}],"about":[{"href":"https:\/\/velopark.lv\/en\/wp-json\/wp\/v2\/types\/page"}],"author":[{"embeddable":true,"href":"https:\/\/velopark.lv\/en\/wp-json\/wp\/v2\/users\/1"}],"replies":[{"embeddable":true,"href":"https:\/\/velopark.lv\/en\/wp-json\/wp\/v2\/comments?post=611"}],"version-history":[{"count":0,"href":"https:\/\/velopark.lv\/en\/wp-json\/wp\/v2\/pages\/611\/revisions"}],"wp:featuredmedia":[{"embeddable":true,"href":"https:\/\/velopark.lv\/en\/wp-json\/wp\/v2\/media\/11557"}],"wp:attachment":[{"href":"https:\/\/velopark.lv\/en\/wp-json\/wp\/v2\/media?parent=611"}],"curies":[{"name":"wp","href":"https:\/\/api.w.org\/{rel}","templated":true}]}}